{"id":9,"date":"2018-08-15T08:56:16","date_gmt":"2018-08-15T06:56:16","guid":{"rendered":"https:\/\/yoga.kaneider.com\/?page_id=9"},"modified":"2024-08-16T18:26:06","modified_gmt":"2024-08-16T16:26:06","slug":"ueber-mich","status":"publish","type":"page","link":"https:\/\/yoga.kaneider.com\/?page_id=9","title":{"rendered":"\u00dcber mich"},"content":{"rendered":"<p>Meine Yoga Aus- und Weiterbildungen&#8230;<\/p>\n<p><!--more--><\/p>\n<h5>Grundausbildung<\/h5>\n<p>&#8211; Yoga Grundausbildung bei <a href=\"https:\/\/www.hotel-yoga.at\">Anton Engelhart<\/a><\/p>\n<h5>Yogalehrerausbildung<\/h5>\n<p>&#8211; Dipl. Yogalehrerin in Hatha Yoga bei <a href=\"https:\/\/www.yoga-akademie-eisele.at\">Elmar Eisele<\/a><\/p>\n<h5>Yoga Weiterbildungen<\/h5>\n<p>Modular Training Course (MTC) bei <a href=\"https:\/\/www.AshtangaYoga.info\">Ronald Steiner<\/a><br \/>&#8211;\u00a0<span style=\"font-size: 1rem;\">R\u00fccken und K\u00f6rperhaltung &#8211; Die Polarit\u00e4t des Lebens<br \/>&#8211;\u00a0<\/span><span style=\"font-size: 1rem;\">H\u00fcfte und Becken &#8211; Stabilit\u00e4t und Flexibilit\u00e4t<br \/>&#8211;\u00a0<\/span><span style=\"font-size: 1rem;\">Arm und Hand &#8211; Von Fl\u00fcgeln und Wurzeln<\/span><\/p>\n<h5>Grundausbildung in QUILINGONG<\/h5>\n<p>&#8211; Grundkenntnisse bei Master LIN KAI TING sowie bei Meistertrainerin\u00a0Floriana Isalia Gathge erworben.<\/p>\n\n\n<p><\/p>\n","protected":false},"excerpt":{"rendered":"<p>Meine Yoga Aus- und Weiterbildungen&#8230;<\/p>\n","protected":false},"author":1,"featured_media":47,"parent":0,"menu_order":0,"comment_status":"closed","ping_status":"closed","template":"","meta":{"footnotes":""},"class_list":["post-9","page","type-page","status-publish","has-post-thumbnail","hentry"],"_links":{"self":[{"href":"https:\/\/yoga.kaneider.com\/index.php?rest_route=\/wp\/v2\/pages\/9","targetHints":{"allow":["GET"]}}],"collection":[{"href":"https:\/\/yoga.kaneider.com\/index.php?rest_route=\/wp\/v2\/pages"}],"about":[{"href":"https:\/\/yoga.kaneider.com\/index.php?rest_route=\/wp\/v2\/types\/page"}],"author":[{"embeddable":true,"href":"https:\/\/yoga.kaneider.com\/index.php?rest_route=\/wp\/v2\/users\/1"}],"replies":[{"embeddable":true,"href":"https:\/\/yoga.kaneider.com\/index.php?rest_route=%2Fwp%2Fv2%2Fcomments&post=9"}],"version-history":[{"count":11,"href":"https:\/\/yoga.kaneider.com\/index.php?rest_route=\/wp\/v2\/pages\/9\/revisions"}],"predecessor-version":[{"id":385,"href":"https:\/\/yoga.kaneider.com\/index.php?rest_route=\/wp\/v2\/pages\/9\/revisions\/385"}],"wp:featuredmedia":[{"embeddable":true,"href":"https:\/\/yoga.kaneider.com\/index.php?rest_route=\/wp\/v2\/media\/47"}],"wp:attachment":[{"href":"https:\/\/yoga.kaneider.com\/index.php?rest_route=%2Fwp%2Fv2%2Fmedia&parent=9"}],"curies":[{"name":"wp","href":"https:\/\/api.w.org\/{rel}","templated":true}]}}